{"id":98,"date":"2015-01-10T12:01:10","date_gmt":"2015-01-10T12:01:10","guid":{"rendered":"http:\/\/ageinbalance.com\/wp\/?page_id=98"},"modified":"2025-11-04T16:11:00","modified_gmt":"2025-11-04T16:11:00","slug":"willkommen-2","status":"publish","type":"page","link":"http:\/\/ageinbalance.com\/wp\/","title":{"rendered":"Willkommen"},"content":{"rendered":"<div id='full_slider_1'  class='avia-fullwidth-slider main_color avia-shadow   avia-builder-el-0  el_before_av_textblock  avia-builder-el-first   container_wrap sidebar_right'  ><div  class='avia-slideshow av-20wx6-0ccd48b4b190453f8a1ad2d6f24efe6f avia-slideshow-featured av_slideshow_full avia-slide-slider av-slideshow-ui av-control-default av-slideshow-manual av-loop-once av-loop-manual-endless av-default-height-applied   avia-slideshow-1' data-slideshow-options=\"{&quot;animation&quot;:&quot;slide&quot;,&quot;autoplay&quot;:false,&quot;loop_autoplay&quot;:&quot;once&quot;,&quot;interval&quot;:5,&quot;loop_manual&quot;:&quot;manual-endless&quot;,&quot;autoplay_stopper&quot;:false,&quot;noNavigation&quot;:false,&quot;bg_slider&quot;:false,&quot;keep_padding&quot;:false,&quot;hoverpause&quot;:false,&quot;show_slide_delay&quot;:0}\"  itemprop=\"image\" itemscope=\"itemscope\" itemtype=\"https:\/\/schema.org\/ImageObject\" ><ul class='avia-slideshow-inner ' style='padding-bottom: 36.3175675676%;'><li  class='avia-slideshow-slide av-20wx6-0ccd48b4b190453f8a1ad2d6f24efe6f__0  av-single-slide slide-1 slide-odd'><div data-rel='slideshow-1' class='avia-slide-wrap '   ><img fetchpriority=\"high\" class=\"wp-image-104 avia-img-lazy-loading-not-104\"  src='http:\/\/ageinbalance.com\/wp\/wp-content\/uploads\/2015\/01\/sylt_test_1-1184x430.png' width='1184' height='430' title='sylt_1' alt=''  itemprop=\"thumbnailUrl\"   \/><\/div><\/li><\/ul><\/div><\/div><div id='after_full_slider_1'  class='main_color av_default_container_wrap container_wrap sidebar_right'  ><div class='container av-section-cont-open' ><div class='template-page content  av-content-small alpha units'><div class='post-entry post-entry-type-page post-entry-98'><div class='entry-content-wrapper clearfix'>\n<section  class='av_textblock_section av-rn26-bad17c4e7dcff39e4758281d29e0fc2d '   itemscope=\"itemscope\" itemtype=\"https:\/\/schema.org\/CreativeWork\" ><div class='avia_textblock'  itemprop=\"text\" ><p><strong>Willkommen <\/strong><\/p>\n<p><img loading=\"lazy\" decoding=\"async\" class=\"aligncenter wp-image-849 size-large\" src=\"http:\/\/ageinbalance.com\/wp\/wp-content\/uploads\/2021\/09\/kirstein_2021-1030x687.jpg\" alt=\"\" width=\"1030\" height=\"687\" srcset=\"http:\/\/ageinbalance.com\/wp\/wp-content\/uploads\/2021\/09\/kirstein_2021-1030x687.jpg 1030w, http:\/\/ageinbalance.com\/wp\/wp-content\/uploads\/2021\/09\/kirstein_2021-300x200.jpg 300w, http:\/\/ageinbalance.com\/wp\/wp-content\/uploads\/2021\/09\/kirstein_2021-768x512.jpg 768w, http:\/\/ageinbalance.com\/wp\/wp-content\/uploads\/2021\/09\/kirstein_2021-1536x1024.jpg 1536w, http:\/\/ageinbalance.com\/wp\/wp-content\/uploads\/2021\/09\/kirstein_2021-2048x1365.jpg 2048w, http:\/\/ageinbalance.com\/wp\/wp-content\/uploads\/2021\/09\/kirstein_2021-1500x1000.jpg 1500w, http:\/\/ageinbalance.com\/wp\/wp-content\/uploads\/2021\/09\/kirstein_2021-705x470.jpg 705w\" sizes=\"auto, (max-width: 1030px) 100vw, 1030px\" \/><\/p>\n<p><span class='av_dropcap1 av-av_dropcap1-3cd9da5fea0ef5fb27aee617571c39a3'>I<\/span>ch begr\u00fcsse Sie auf meiner Website und freue mich \u00fcber Ihr Interesse. Nach einer langj\u00e4hrigen, erfolgreichen Managementkarriere habe ich meinem Lebensweg eine neue Ausrichtung gegeben. Jetzt bin ich als Autor, Seminarleiter, Yogalehrer, Redner und Coach \u00a0t\u00e4tig.<\/p>\n<p>Frauen und M\u00e4nner in unterschiedlichen Lebensphasen, die auf der Suche nach innerem und \u00e4u\u00dferem Gleichgewicht und einem gelingenden Dasein sind, m\u00f6chte ich inspirieren, motivieren und unterst\u00fctzen.\u00a0Durch Ideen und Anregungen, durch bewusste K\u00f6rper- und Atem\u00fcbungen, mit Verst\u00e4ndnis und Einf\u00fchlungsverm\u00f6gen.<\/p>\n<p>Meine Vortr\u00e4ge, Workshops, Seminare, Lesungen und redaktionellen Beitr\u00e4ge wollen vor allem die Lebensfreude und die Kraft zur Ver\u00e4nderung st\u00e4rken sowie die richtige mentale Einstellung zu den Herausforderungen des Alltags f\u00f6rdern. Wir alle sind die Sch\u00f6pfer unserer Gedanken und Handlungen und damit liegt es in der eigenen Hand, wie wir unser Potenzial entwickeln und den Lebensweg gestalten. Und es ist nie zu sp\u00e4t, der Mensch zu werden, der man gern sein m\u00f6chte.<\/p>\n<p>In meinem Buch <em>&#8222;Nach dem Chefsessel in den Lotossitz&#8220;\u00a0<\/em>habe ich beschrieben, wie Sie Ihre F\u00e4higkeiten mit YOGA entfalten k\u00f6nnen und ein erf\u00fclltes, zufriedenes Leben f\u00fchren.<\/p>\n<p>Die Menschen, die mir zuh\u00f6ren und die ich begleite, werden ermutigt bewusster zu leben, achtsamer zu werden, Herz und Geist zu \u00f6ffnen. Und ich zeige ihnen gangbare Wege zu innerer Harmonie, Gelassenheit, Entspannung und Wohlbefinden.<\/p>\n<p>Gerrit Kirstein<\/p>\n<\/div><\/section>\n<div  class='hr av-1o6l6-ea135a41cf7bf6b1644e73d152cc65b5 hr-default  avia-builder-el-2  el_after_av_textblock  el_before_av_textblock '><span class='hr-inner '><span class=\"hr-inner-style\"><\/span><\/span><\/div>\n<section  class='av_textblock_section av-l776a5p5-5e81bf06191aedfe7c4fe8f8dce1625d '   itemscope=\"itemscope\" itemtype=\"https:\/\/schema.org\/CreativeWork\" ><div class='avia_textblock'  itemprop=\"text\" ><p><strong>AKTUELLE TERMINE HERBST 2025<\/strong><\/p>\n<p>Siehe Kurs- und Seminar\u00fcbersicht September bis Dezember im Bereich <strong>Workshops und Seminare<\/strong><\/p>\n<\/div><\/section>\n<div  class='hr av-1o6l6-1-6a60edf5bfc5fa956977e18fc1ae7f0f hr-default  avia-builder-el-4  el_after_av_textblock  el_before_av_one_full '><span class='hr-inner '><span class=\"hr-inner-style\"><\/span><\/span><\/div>\n\n<style type=\"text\/css\" data-created_by=\"avia_inline_auto\" id=\"style-css-av-vwua-53d390781654f23b7f498aecc7b7df71\">\n.flex_column.av-vwua-53d390781654f23b7f498aecc7b7df71{\nborder-radius:0px 0px 0px 0px;\npadding:0px 0px 0px 0px;\n}\n<\/style>\n<div  class='flex_column av-vwua-53d390781654f23b7f498aecc7b7df71 av_one_full  avia-builder-el-5  el_after_av_hr  avia-builder-el-last  first flex_column_div av-zero-column-padding  '     ><article  class='iconbox iconbox_top av-k81kxabs-cb02192b5673017a1c30e9b8103ecf0b  avia-builder-el-6  avia-builder-el-no-sibling  main_color'  itemscope=\"itemscope\" itemtype=\"https:\/\/schema.org\/CreativeWork\" ><div class=\"iconbox_content\"><header class=\"entry-content-header\" aria-label=\"Icon: Neues Buch\"><div class='iconbox_icon heading-color avia-iconfont avia-font-entypo-fontello' data-av_icon='\ue84f' data-av_iconfont='entypo-fontello'  ><\/div><h3 class='iconbox_content_title '  itemprop=\"headline\" >Neues Buch<\/h3><\/header><div class='iconbox_content_container '  itemprop=\"text\" ><p><img loading=\"lazy\" decoding=\"async\" class=\"wp-image-756 aligncenter\" src=\"http:\/\/ageinbalance.com\/wp\/wp-content\/uploads\/2020\/05\/book_fullcover.png\" alt=\"\" width=\"544\" height=\"433\" srcset=\"http:\/\/ageinbalance.com\/wp\/wp-content\/uploads\/2020\/05\/book_fullcover.png 2460w, http:\/\/ageinbalance.com\/wp\/wp-content\/uploads\/2020\/05\/book_fullcover-300x239.png 300w, http:\/\/ageinbalance.com\/wp\/wp-content\/uploads\/2020\/05\/book_fullcover-1030x820.png 1030w, http:\/\/ageinbalance.com\/wp\/wp-content\/uploads\/2020\/05\/book_fullcover-768x611.png 768w, http:\/\/ageinbalance.com\/wp\/wp-content\/uploads\/2020\/05\/book_fullcover-1536x1223.png 1536w, http:\/\/ageinbalance.com\/wp\/wp-content\/uploads\/2020\/05\/book_fullcover-2048x1630.png 2048w, http:\/\/ageinbalance.com\/wp\/wp-content\/uploads\/2020\/05\/book_fullcover-1500x1194.png 1500w, http:\/\/ageinbalance.com\/wp\/wp-content\/uploads\/2020\/05\/book_fullcover-705x561.png 705w\" sizes=\"auto, (max-width: 544px) 100vw, 544px\" \/><\/p>\n<p>Gerrit Kirstein<\/p>\n<h4><em>Nach dem Chefsessel in den Lotossitz<\/em><\/h4>\n<h5>Wie Sie Ihr Potenzial mit YOGA entfalten und ein erf\u00fclltes, zufriedenes Leben f\u00fchren.<\/h5>\n<div><span dir=\"ltr\">Bestellung bei Novum pro Verlag, <\/span>im Buchhandel und auf Online-Plattformen. Auch als e-book erh\u00e4ltlich.<\/div>\n<div class=\"reviewaggregate hreview-aggregate\"><\/div>\n<\/div><\/div><footer class=\"entry-footer\"><\/footer><\/article><\/div>\n","protected":false},"excerpt":{"rendered":"","protected":false},"author":1,"featured_media":0,"parent":0,"menu_order":0,"comment_status":"open","ping_status":"open","template":"","meta":{"footnotes":""},"class_list":["post-98","page","type-page","status-publish","hentry"],"_links":{"self":[{"href":"http:\/\/ageinbalance.com\/wp\/index.php?rest_route=\/wp\/v2\/pages\/98","targetHints":{"allow":["GET"]}}],"collection":[{"href":"http:\/\/ageinbalance.com\/wp\/index.php?rest_route=\/wp\/v2\/pages"}],"about":[{"href":"http:\/\/ageinbalance.com\/wp\/index.php?rest_route=\/wp\/v2\/types\/page"}],"author":[{"embeddable":true,"href":"http:\/\/ageinbalance.com\/wp\/index.php?rest_route=\/wp\/v2\/users\/1"}],"replies":[{"embeddable":true,"href":"http:\/\/ageinbalance.com\/wp\/index.php?rest_route=%2Fwp%2Fv2%2Fcomments&post=98"}],"version-history":[{"count":5,"href":"http:\/\/ageinbalance.com\/wp\/index.php?rest_route=\/wp\/v2\/pages\/98\/revisions"}],"predecessor-version":[{"id":1037,"href":"http:\/\/ageinbalance.com\/wp\/index.php?rest_route=\/wp\/v2\/pages\/98\/revisions\/1037"}],"wp:attachment":[{"href":"http:\/\/ageinbalance.com\/wp\/index.php?rest_route=%2Fwp%2Fv2%2Fmedia&parent=98"}],"curies":[{"name":"wp","href":"https:\/\/api.w.org\/{rel}","templated":true}]}}