{"id":11,"date":"2014-12-30T11:08:16","date_gmt":"2014-12-30T11:08:16","guid":{"rendered":"http:\/\/ageinbalance.com\/wp\/?page_id=11"},"modified":"2025-01-10T21:11:17","modified_gmt":"2025-01-10T21:11:17","slug":"vortraege","status":"publish","type":"page","link":"http:\/\/ageinbalance.com\/wp\/?page_id=11","title":{"rendered":"Vortr\u00e4ge"},"content":{"rendered":"<div id='full_slider_1'  class='avia-fullwidth-slider main_color avia-shadow   avia-builder-el-0  el_before_av_four_fifth  avia-builder-el-first   container_wrap sidebar_right'  ><div  class='avia-slideshow av-899uz-f387354088f994a181acc65d48059c60 avia-slideshow-entry_without_sidebar av_slideshow_full avia-slide-slider av-slideshow-ui av-control-default av-slideshow-manual av-loop-once av-loop-manual-endless av-default-height-applied   avia-slideshow-1' data-slideshow-options=\"{&quot;animation&quot;:&quot;slide&quot;,&quot;autoplay&quot;:false,&quot;loop_autoplay&quot;:&quot;once&quot;,&quot;interval&quot;:5,&quot;loop_manual&quot;:&quot;manual-endless&quot;,&quot;autoplay_stopper&quot;:false,&quot;noNavigation&quot;:false,&quot;bg_slider&quot;:false,&quot;keep_padding&quot;:false,&quot;hoverpause&quot;:false,&quot;show_slide_delay&quot;:0}\"  itemprop=\"image\" itemscope=\"itemscope\" itemtype=\"https:\/\/schema.org\/ImageObject\" ><ul class='avia-slideshow-inner ' style='padding-bottom: 35.7263513514%;'><li  class='avia-slideshow-slide av-899uz-f387354088f994a181acc65d48059c60__0  av-single-slide slide-1 slide-odd'><div data-rel='slideshow-1' class='avia-slide-wrap '   ><img fetchpriority=\"high\" class=\"wp-image-138 avia-img-lazy-loading-not-138\"  src='http:\/\/ageinbalance.com\/wp\/wp-content\/uploads\/2015\/01\/sylt_3-1184x423.png' width='1184' height='423' title='sylt_3' alt=''  itemprop=\"thumbnailUrl\"   \/><\/div><\/li><\/ul><\/div><\/div><div id='after_full_slider_1'  class='main_color av_default_container_wrap container_wrap sidebar_right'  ><div class='container av-section-cont-open' ><div class='template-page content  av-content-small alpha units'><div class='post-entry post-entry-type-page post-entry-11'><div class='entry-content-wrapper clearfix'>\n\n<style type=\"text\/css\" data-created_by=\"avia_inline_auto\" id=\"style-css-av-2k4z-42daff097851a4d92f2ad60bda434bf9\">\n.flex_column.av-2k4z-42daff097851a4d92f2ad60bda434bf9{\nborder-radius:0px 0px 0px 0px;\npadding:0px 0px 0px 0px;\n}\n<\/style>\n<div  class='flex_column av-2k4z-42daff097851a4d92f2ad60bda434bf9 av_four_fifth  avia-builder-el-1  el_after_av_slideshow_full  el_before_av_hr  avia-builder-el-first  first flex_column_div av-zero-column-padding  '     ><p><div  class='avia-icon-list-container av-6ay83-604597d08627bf9cf3769e6276383206  avia-builder-el-2  el_before_av_textblock  avia-builder-el-first '><ul class='avia-icon-list avia_animate_when_almost_visible avia-icon-list-left av-iconlist-big av-6ay83-604597d08627bf9cf3769e6276383206 avia-iconlist-animate'>\n<li><div class='iconlist_icon av-5xpzn-7b7246936fb2b0b6d7e8f0b5e88ce725 avia-font-entypo-fontello avia-iconfont avia-font-entypo-fontello'><span class='av-icon-char' data-av_icon='\ue83b' data-av_iconfont='entypo-fontello' aria-hidden=\"true\"><\/span><\/div><article class=\"article-icon-entry \"  itemscope=\"itemscope\" itemtype=\"https:\/\/schema.org\/CreativeWork\" ><div class=\"iconlist_content_wrap\"><header class=\"entry-content-header\" aria-label=\"Icon: Vortrag 1\"><h4 class='av_iconlist_title iconlist_title  '  itemprop=\"headline\" >Vortrag 1<\/h4><\/header><div class='iconlist_content '  itemprop=\"text\" ><p><em><strong>&#8222;Lebensphasen meistern<\/strong> <strong>&#8211; Wege zum inneren und \u00e4u\u00dferen Gleichgewicht&#8220;<\/strong><br \/>\n<\/em><\/p>\n<p>Wie schaffe ich es, in Zeiten von Ver\u00e4nderungen oder Krisen mein Gleichgewicht zu halten\u00a0 und mit Energie, Zuversicht und Lebensfreude den Alltag zu meistern? Was kann ich tun, um in K\u00f6rper, Geist und Seele auch bei hohen Belastungen ein weitgehend erf\u00fclltes, zufriedenes Leben zu f\u00fchren? Welche Kompetenzen und Potenziale kann ich noch bei mir entwickeln? Auf diese und weitere essentielle Fragen gibt der Vortrag hilfreiche Anworten.<\/p>\n<\/div><\/div><footer class=\"entry-footer\"><\/footer><\/article><div class=\"iconlist-timeline\"><\/div><\/li>\n<li><div class='iconlist_icon av-4ubjr-51a150b35b56101b2e12e579327e44c5 avia-font-entypo-fontello avia-iconfont avia-font-entypo-fontello'><span class='av-icon-char' data-av_icon='\ue83b' data-av_iconfont='entypo-fontello' aria-hidden=\"true\"><\/span><\/div><article class=\"article-icon-entry \"  itemscope=\"itemscope\" itemtype=\"https:\/\/schema.org\/CreativeWork\" ><div class=\"iconlist_content_wrap\"><header class=\"entry-content-header\" aria-label=\"Icon: Vortrag 2\"><h4 class='av_iconlist_title iconlist_title  '  itemprop=\"headline\" >Vortrag 2<\/h4><\/header><div class='iconlist_content '  itemprop=\"text\" ><p><em><strong>&#8222;Yoga in mind &#8211; Inspirationen f\u00fcr das Management&#8220;<\/strong><\/em><\/p>\n<p>Kann die jahrtausendalte Weisheits- und Gesundheitslehre Yoga nicht nur f\u00fcr unser Alltagsleben, sondern auch f\u00fcr das Management von echtem Wert sein? Finden wir hier vielleicht Antworten auf Fragen nach der Sinnhaftigkeit unserer T\u00e4tigkeiten oder sogar Wegweiser f\u00fcr ein erf\u00fcllendes Selbst-Management? Diese Fragen kann ich aufgrund meiner langj\u00e4hrigen T\u00e4tigkeit als Marketingmanager bejahen. Ich habe die Erfahrung gemacht, dass <em>Yoga in mind<\/em> bestens geeignet ist, von Zust\u00e4nden geistiger Unruhe, Anspannung, Unzufriedenheit und Antriebslosigkeit zu Gelassenheit, innerer Klarheit, wohltuender Entspannung und Lebensenergie zu kommen.\u00a0 Der Vortrag gibt einen spannenden Einblick in das Wertsch\u00f6pfungs-Potenzial dieser einzigartigen Lebensphilosophie.<\/p>\n<\/div><\/div><footer class=\"entry-footer\"><\/footer><\/article><div class=\"iconlist-timeline\"><\/div><\/li>\n<li><div class='iconlist_icon av-4pu7f-1f390287a40f5dfad454987e400a9a32 avia-font-entypo-fontello avia-iconfont avia-font-entypo-fontello'><span class='av-icon-char' data-av_icon='\ue83b' data-av_iconfont='entypo-fontello' aria-hidden=\"true\"><\/span><\/div><article class=\"article-icon-entry \"  itemscope=\"itemscope\" itemtype=\"https:\/\/schema.org\/CreativeWork\" ><div class=\"iconlist_content_wrap\"><header class=\"entry-content-header\" aria-label=\"Icon: Vortrag 3\"><h4 class='av_iconlist_title iconlist_title  '  itemprop=\"headline\" >Vortrag 3<\/h4><\/header><div class='iconlist_content '  itemprop=\"text\" ><p><em><strong>&#8222;Jede Zeit ist Deine Zeit&#8220; <\/strong><\/em><\/p>\n<p>Unser Leben ist ein einmaliges, gro\u00dfartiges, kostbares Geschenk. Wei\u00df ich es zu w\u00fcrdigen, zu sch\u00e4tzen, zu danken? Gehe ich verantwortungsvoll, achtsam und liebevoll damit um &#8211; mit dieser begrenzten Aufenthaltserlaubnis auf unserem Planeten Erde? Mit zunehmendem Alter erkennt man, wie wertvoll jeder neue Tag ist. Wenn wir auf unserer Lebensspur Wachstum, Reife und Zufriedenheit erreichen wollen, m\u00fcssen wir die Ver\u00e4nderungen und Herausforderungen in den Lebensphasen annehmen, die darin liegenden Chancen erkennen und uns mit Herz und Verstand wandeln. Frei nach Hermann Hesse: &#8222;Der Weltgeist will nicht fesseln uns und engen, er will uns Stuf&#8216; um Stufe heben, weiten.<\/p>\n<\/div><\/div><footer class=\"entry-footer\"><\/footer><\/article><div class=\"iconlist-timeline\"><\/div><\/li>\n<\/ul><\/div><br \/>\n<section  class='av_textblock_section av-b70n-171809f98b470235ccd50720e5899a76 '   itemscope=\"itemscope\" itemtype=\"https:\/\/schema.org\/CreativeWork\" ><div class='avia_textblock'  itemprop=\"text\" ><p>Vortragsdauer: 60 &#8211; 90 Min.<\/p>\n<p>Honorar:\u00a0 auf Anfrage<\/p>\n<\/div><\/section><\/p><\/div>\n<div  class='hr av-2uwmz-ef8d9cc56fc23a8f46ce0276fe909271 hr-default  avia-builder-el-4  el_after_av_four_fifth  el_before_av_four_fifth '><span class='hr-inner '><span class=\"hr-inner-style\"><\/span><\/span><\/div>\n\n<style type=\"text\/css\" data-created_by=\"avia_inline_auto\" id=\"style-css-av-20tov-e1c0a785a59275a1da5ef884361af191\">\n.flex_column.av-20tov-e1c0a785a59275a1da5ef884361af191{\nborder-radius:0px 0px 0px 0px;\npadding:0px 0px 0px 0px;\n}\n<\/style>\n<div  class='flex_column av-20tov-e1c0a785a59275a1da5ef884361af191 av_four_fifth  avia-builder-el-5  el_after_av_hr  el_before_av_one_fourth  first flex_column_div av-zero-column-padding  '     ><style type=\"text\/css\" data-created_by=\"avia_inline_auto\" id=\"style-css-av-l0zoyvhg-6ce515470d8be84abd7512f5fedecca0\">\n.av_font_icon.av-l0zoyvhg-6ce515470d8be84abd7512f5fedecca0 .av-icon-char{\nfont-size:40px;\nline-height:40px;\nwidth:40px;\n}\n<\/style>\n<span  class='av_font_icon av-l0zoyvhg-6ce515470d8be84abd7512f5fedecca0 avia_animate_when_visible av-icon-style-border avia-icon-pos-left avia-iconfont avia-font-entypo-fontello av-no-color avia-icon-animate'><span class='av-icon-char' data-av_icon='\ue85b' data-av_iconfont='entypo-fontello' aria-hidden=\"true\" ><\/span><span class='av_icon_caption av-special-font'>Termine<\/span><\/span><\/div>\n\n<style type=\"text\/css\" data-created_by=\"avia_inline_auto\" id=\"style-css-av-1aair-b301a342033f02c010208706beb7975c\">\n.flex_column.av-1aair-b301a342033f02c010208706beb7975c{\nborder-radius:0px 0px 0px 0px;\npadding:0px 0px 0px 0px;\n}\n<\/style>\n<div  class='flex_column av-1aair-b301a342033f02c010208706beb7975c av_one_fourth  avia-builder-el-7  el_after_av_four_fifth  el_before_av_one_fourth  first flex_column_div av-zero-column-padding  '     ><section  class='av_textblock_section av-l0zp2mhm-be5264650f738df47d0ab2b3dae840a5 '   itemscope=\"itemscope\" itemtype=\"https:\/\/schema.org\/CreativeWork\" ><div class='avia_textblock'  itemprop=\"text\" ><\/div><\/section><\/div>\n<style type=\"text\/css\" data-created_by=\"avia_inline_auto\" id=\"style-css-av-11t1j-a5daba00cebecda1863169447875828e\">\n.flex_column.av-11t1j-a5daba00cebecda1863169447875828e{\nborder-radius:0px 0px 0px 0px;\npadding:0px 0px 0px 0px;\n}\n<\/style>\n<div  class='flex_column av-11t1j-a5daba00cebecda1863169447875828e av_one_fourth  avia-builder-el-9  el_after_av_one_fourth  avia-builder-el-last  flex_column_div av-zero-column-padding  '     ><section  class='av_textblock_section av-l0zp2mhm-be5264650f738df47d0ab2b3dae840a5 '   itemscope=\"itemscope\" itemtype=\"https:\/\/schema.org\/CreativeWork\" ><div class='avia_textblock'  itemprop=\"text\" ><\/div><\/section><\/div><\/p>\n","protected":false},"excerpt":{"rendered":"","protected":false},"author":1,"featured_media":144,"parent":0,"menu_order":0,"comment_status":"open","ping_status":"open","template":"","meta":{"footnotes":""},"class_list":["post-11","page","type-page","status-publish","has-post-thumbnail","hentry"],"_links":{"self":[{"href":"http:\/\/ageinbalance.com\/wp\/index.php?rest_route=\/wp\/v2\/pages\/11","targetHints":{"allow":["GET"]}}],"collection":[{"href":"http:\/\/ageinbalance.com\/wp\/index.php?rest_route=\/wp\/v2\/pages"}],"about":[{"href":"http:\/\/ageinbalance.com\/wp\/index.php?rest_route=\/wp\/v2\/types\/page"}],"author":[{"embeddable":true,"href":"http:\/\/ageinbalance.com\/wp\/index.php?rest_route=\/wp\/v2\/users\/1"}],"replies":[{"embeddable":true,"href":"http:\/\/ageinbalance.com\/wp\/index.php?rest_route=%2Fwp%2Fv2%2Fcomments&post=11"}],"version-history":[{"count":2,"href":"http:\/\/ageinbalance.com\/wp\/index.php?rest_route=\/wp\/v2\/pages\/11\/revisions"}],"predecessor-version":[{"id":1009,"href":"http:\/\/ageinbalance.com\/wp\/index.php?rest_route=\/wp\/v2\/pages\/11\/revisions\/1009"}],"wp:featuredmedia":[{"embeddable":true,"href":"http:\/\/ageinbalance.com\/wp\/index.php?rest_route=\/wp\/v2\/media\/144"}],"wp:attachment":[{"href":"http:\/\/ageinbalance.com\/wp\/index.php?rest_route=%2Fwp%2Fv2%2Fmedia&parent=11"}],"curies":[{"name":"wp","href":"https:\/\/api.w.org\/{rel}","templated":true}]}}